{"id":5328,"date":"2017-09-08T15:07:15","date_gmt":"2017-09-08T12:07:15","guid":{"rendered":"http:\/\/kuulovahter.veebispetsid.com\/minust\/"},"modified":"2017-10-25T15:42:24","modified_gmt":"2017-10-25T12:42:24","slug":"minust","status":"publish","type":"page","link":"https:\/\/kuulovahter.ee\/fi\/minust\/","title":{"rendered":"Minusta"},"content":{"rendered":"<div class=\"fusion-fullwidth fullwidth-box fusion-builder-row-1 nonhundred-percent-fullwidth non-hundred-percent-height-scrolling\" style=\"--awb-border-radius-top-left:0px;--awb-border-radius-top-right:0px;--awb-border-radius-bottom-right:0px;--awb-border-radius-bottom-left:0px;--awb-flex-wrap:wrap;\" ><div class=\"fusion-builder-row fusion-row\"><div class=\"fusion-layout-column fusion_builder_column fusion-builder-column-0 fusion_builder_column_3_4 3_4 fusion-three-fourth fusion-column-first\" style=\"--awb-bg-color:rgba(240,237,231,0);--awb-bg-color-hover:rgba(240,237,231,0);--awb-bg-size:cover;width:75%;width:calc(75% - ( ( 4% ) * 0.75 ) );margin-right: 4%;\"><div class=\"fusion-column-wrapper fusion-flex-column-wrapper-legacy\"><div class=\"fusion-text fusion-text-1\"><p><strong>ANSIOLUETTELO<\/strong><\/p>\n<p><img decoding=\"async\" class=\"size-full wp-image-5197 alignleft\" src=\"http:\/\/kuulovahter.ee\/wp-content\/uploads\/2017\/09\/X-29028202.png\" alt=\"\" width=\"30\" height=\"30\" \/>Olen syntynyt Tallinnassa N\u00f5mmen kaupunginosassa 13.08.1954. Opiskelin kuvataidetta Taideakatemiassa (Kunstiakadeemia). Valmistuin v. 1980 taidegraafikkona. Ty\u00f6skentelin kuvataidetoimittajana kustannusliikeess\u00e4 Perioodika ja pilalehdess\u00e4 Pikker. 12 vuotta lauloin ammattilaisena tenoria Viron kansallismieskuorossa (Eesti Rahvusmeeskoor, RAM).<\/p>\n<p><img decoding=\"async\" class=\"size-full wp-image-5197 alignleft\" src=\"http:\/\/kuulovahter.ee\/wp-content\/uploads\/2017\/09\/X-29028202.png\" alt=\"\" width=\"30\" height=\"30\" \/>Vuodesta 1998 olen ollut freelancetaiteilija. Olen enimm\u00e4ksen piirt\u00e4nyt ja maalannut muotokuvija. Piirt\u00e4nyt olen noin 40 000 muotokuvaa. Pilakuvien tekoa olen harrastanut jo vuodesta 1967. Olin silloin 13- vuotias. Karikatyyrej\u00e4ni on julkaistu monissa virolaisissa sanomalehdiss\u00e4 ja aikakausjulkaisuissa ja my\u00f6s ulkomailla.<\/p>\n<p><img decoding=\"async\" class=\"size-full wp-image-5197 alignleft\" src=\"http:\/\/kuulovahter.ee\/wp-content\/uploads\/2017\/09\/X-29028202.png\" alt=\"\" width=\"30\" height=\"30\" \/>Olen yksi Tallinnaan Islannin aukiolle pystytett\u00e4v\u00e4n vastarintaliikkeen muistomerkin Katkaistu muuri (Murtud m\u00fc\u00fcr) suunnittelijoista. Toinen tekij\u00e4 on lasitaiteilija Ivo Lill ja muistomerkin arkkitehti on Ain R\u00f6\u00f6pson.<\/p>\n<p><img decoding=\"async\" class=\"size-full wp-image-5197 alignleft\" src=\"http:\/\/kuulovahter.ee\/wp-content\/uploads\/2017\/09\/X-29028202.png\" alt=\"\" width=\"30\" height=\"30\" \/>Osallistuin Viron vapaussodan voiton muistomerkin suunnittelukilpailuun. Ty\u00f6ni Riemukaari (Triumfikaar) esitti j\u00e4\u00e4t\u00e4 muistuttava sis\u00e4lt\u00e4p\u00e4in valaistua lasimonumenttia.<\/p>\n<\/div><div class=\"fusion-clearfix\"><\/div><\/div><\/div><div class=\"fusion-layout-column fusion_builder_column fusion-builder-column-1 fusion_builder_column_1_4 1_4 fusion-one-fourth fusion-column-last ymar\" style=\"--awb-bg-size:cover;width:25%;width:calc(25% - ( ( 4% ) * 0.25 ) );\"><div class=\"fusion-column-wrapper fusion-flex-column-wrapper-legacy\"><div class=\"fusion-image-element in-legacy-container\" style=\"--awb-caption-title-font-family:var(--h2_typography-font-family);--awb-caption-title-font-weight:var(--h2_typography-font-weight);--awb-caption-title-font-style:var(--h2_typography-font-style);--awb-caption-title-size:var(--h2_typography-font-size);--awb-caption-title-transform:var(--h2_typography-text-transform);--awb-caption-title-line-height:var(--h2_typography-line-height);--awb-caption-title-letter-spacing:var(--h2_typography-letter-spacing);\"><span class=\" fusion-imageframe imageframe-none imageframe-1 hover-type-none\"><img decoding=\"async\" width=\"300\" height=\"407\" title=\"Kuulo Vahter-2\" src=\"http:\/\/kuulovahter.ee\/wp-content\/uploads\/2017\/09\/Kuulo-Vahter-2.jpg\" alt class=\"img-responsive wp-image-3063\" srcset=\"https:\/\/kuulovahter.ee\/wp-content\/uploads\/2017\/09\/Kuulo-Vahter-2-200x271.jpg 200w, https:\/\/kuulovahter.ee\/wp-content\/uploads\/2017\/09\/Kuulo-Vahter-2.jpg 300w\" sizes=\"(max-width: 1000px) 100vw, 300px\" \/><\/span><\/div><div class=\"fusion-clearfix\"><\/div><\/div><\/div><\/div><\/div>\n","protected":false},"excerpt":{"rendered":"","protected":false},"author":2,"featured_media":0,"parent":0,"menu_order":0,"comment_status":"closed","ping_status":"closed","template":"100-width.php","meta":{"footnotes":""},"class_list":["post-5328","page","type-page","status-publish","hentry"],"yoast_head":"<!-- This site is optimized with the Yoast SEO plugin v26.9 - https:\/\/yoast.com\/product\/yoast-seo-wordpress\/ -->\n<title>Minusta - Kunstnik Kuulo Vahter - Karikatuuride joonistamine, portree, zanri joonistused<\/title>\n<meta name=\"robots\" content=\"index, follow, max-snippet:-1, max-image-preview:large, max-video-preview:-1\" \/>\n<link rel=\"canonical\" href=\"https:\/\/kuulovahter.ee\/fi\/minust\/\" \/>\n<meta property=\"og:locale\" content=\"fi_FI\" \/>\n<meta property=\"og:type\" content=\"article\" \/>\n<meta property=\"og:title\" content=\"Minusta - Kunstnik Kuulo Vahter - Karikatuuride joonistamine, portree, zanri joonistused\" \/>\n<meta property=\"og:url\" content=\"https:\/\/kuulovahter.ee\/fi\/minust\/\" \/>\n<meta property=\"og:site_name\" content=\"Kunstnik Kuulo Vahter - Karikatuuride joonistamine, portree, zanri joonistused\" \/>\n<meta property=\"article:modified_time\" content=\"2017-10-25T12:42:24+00:00\" \/>\n<meta property=\"og:image\" content=\"http:\/\/kuulovahter.ee\/wp-content\/uploads\/2017\/09\/X-29028202.png\" \/>\n<meta name=\"twitter:card\" content=\"summary_large_image\" \/>\n<meta name=\"twitter:label1\" content=\"Arvioitu lukuaika\" \/>\n\t<meta name=\"twitter:data1\" content=\"2 minuuttia\" \/>\n<script type=\"application\/ld+json\" class=\"yoast-schema-graph\">{\"@context\":\"https:\/\/schema.org\",\"@graph\":[{\"@type\":\"WebPage\",\"@id\":\"https:\/\/kuulovahter.ee\/fi\/minust\/\",\"url\":\"https:\/\/kuulovahter.ee\/fi\/minust\/\",\"name\":\"Minusta - Kunstnik Kuulo Vahter - Karikatuuride joonistamine, portree, zanri joonistused\",\"isPartOf\":{\"@id\":\"https:\/\/kuulovahter.ee\/#website\"},\"primaryImageOfPage\":{\"@id\":\"https:\/\/kuulovahter.ee\/fi\/minust\/#primaryimage\"},\"image\":{\"@id\":\"https:\/\/kuulovahter.ee\/fi\/minust\/#primaryimage\"},\"thumbnailUrl\":\"http:\/\/kuulovahter.ee\/wp-content\/uploads\/2017\/09\/X-29028202.png\",\"datePublished\":\"2017-09-08T12:07:15+00:00\",\"dateModified\":\"2017-10-25T12:42:24+00:00\",\"breadcrumb\":{\"@id\":\"https:\/\/kuulovahter.ee\/fi\/minust\/#breadcrumb\"},\"inLanguage\":\"fi\",\"potentialAction\":[{\"@type\":\"ReadAction\",\"target\":[\"https:\/\/kuulovahter.ee\/fi\/minust\/\"]}]},{\"@type\":\"ImageObject\",\"inLanguage\":\"fi\",\"@id\":\"https:\/\/kuulovahter.ee\/fi\/minust\/#primaryimage\",\"url\":\"http:\/\/kuulovahter.ee\/wp-content\/uploads\/2017\/09\/X-29028202.png\",\"contentUrl\":\"http:\/\/kuulovahter.ee\/wp-content\/uploads\/2017\/09\/X-29028202.png\"},{\"@type\":\"BreadcrumbList\",\"@id\":\"https:\/\/kuulovahter.ee\/fi\/minust\/#breadcrumb\",\"itemListElement\":[{\"@type\":\"ListItem\",\"position\":1,\"name\":\"Home\",\"item\":\"https:\/\/kuulovahter.ee\/fi\/\"},{\"@type\":\"ListItem\",\"position\":2,\"name\":\"Minusta\"}]},{\"@type\":\"WebSite\",\"@id\":\"https:\/\/kuulovahter.ee\/#website\",\"url\":\"https:\/\/kuulovahter.ee\/\",\"name\":\"Kunstnik Kuulo Vahter - Karikatuuride joonistamine, portree, zanri joonistused\",\"description\":\"\u00f5liportree, karikaturist, portreejoonistus, \u0161ar\u017e, karikatuur kingituseks,  \u0161ar\u017ei joonistamine, karikatuuri joonistamine, \u0161ar\u017eide joonistamine, portreekunstnik, portreed \u00fcritustel, portreemaal, kiirportreed, \u00fcritustel joonistamine, portree joonistamine foto j\u00e4rgi, \u0161ar\u017ei joonistused, portreemaali tellimine, kunstniku maalitud portree, karikatuuri tellimine, joonistuse tellimine\",\"potentialAction\":[{\"@type\":\"SearchAction\",\"target\":{\"@type\":\"EntryPoint\",\"urlTemplate\":\"https:\/\/kuulovahter.ee\/?s={search_term_string}\"},\"query-input\":{\"@type\":\"PropertyValueSpecification\",\"valueRequired\":true,\"valueName\":\"search_term_string\"}}],\"inLanguage\":\"fi\"}]}<\/script>\n<!-- \/ Yoast SEO plugin. -->","yoast_head_json":{"title":"Minusta - Kunstnik Kuulo Vahter - Karikatuuride joonistamine, portree, zanri joonistused","robots":{"index":"index","follow":"follow","max-snippet":"max-snippet:-1","max-image-preview":"max-image-preview:large","max-video-preview":"max-video-preview:-1"},"canonical":"https:\/\/kuulovahter.ee\/fi\/minust\/","og_locale":"fi_FI","og_type":"article","og_title":"Minusta - Kunstnik Kuulo Vahter - Karikatuuride joonistamine, portree, zanri joonistused","og_url":"https:\/\/kuulovahter.ee\/fi\/minust\/","og_site_name":"Kunstnik Kuulo Vahter - Karikatuuride joonistamine, portree, zanri joonistused","article_modified_time":"2017-10-25T12:42:24+00:00","og_image":[{"url":"http:\/\/kuulovahter.ee\/wp-content\/uploads\/2017\/09\/X-29028202.png","type":"","width":"","height":""}],"twitter_card":"summary_large_image","twitter_misc":{"Arvioitu lukuaika":"2 minuuttia"},"schema":{"@context":"https:\/\/schema.org","@graph":[{"@type":"WebPage","@id":"https:\/\/kuulovahter.ee\/fi\/minust\/","url":"https:\/\/kuulovahter.ee\/fi\/minust\/","name":"Minusta - Kunstnik Kuulo Vahter - Karikatuuride joonistamine, portree, zanri joonistused","isPartOf":{"@id":"https:\/\/kuulovahter.ee\/#website"},"primaryImageOfPage":{"@id":"https:\/\/kuulovahter.ee\/fi\/minust\/#primaryimage"},"image":{"@id":"https:\/\/kuulovahter.ee\/fi\/minust\/#primaryimage"},"thumbnailUrl":"http:\/\/kuulovahter.ee\/wp-content\/uploads\/2017\/09\/X-29028202.png","datePublished":"2017-09-08T12:07:15+00:00","dateModified":"2017-10-25T12:42:24+00:00","breadcrumb":{"@id":"https:\/\/kuulovahter.ee\/fi\/minust\/#breadcrumb"},"inLanguage":"fi","potentialAction":[{"@type":"ReadAction","target":["https:\/\/kuulovahter.ee\/fi\/minust\/"]}]},{"@type":"ImageObject","inLanguage":"fi","@id":"https:\/\/kuulovahter.ee\/fi\/minust\/#primaryimage","url":"http:\/\/kuulovahter.ee\/wp-content\/uploads\/2017\/09\/X-29028202.png","contentUrl":"http:\/\/kuulovahter.ee\/wp-content\/uploads\/2017\/09\/X-29028202.png"},{"@type":"BreadcrumbList","@id":"https:\/\/kuulovahter.ee\/fi\/minust\/#breadcrumb","itemListElement":[{"@type":"ListItem","position":1,"name":"Home","item":"https:\/\/kuulovahter.ee\/fi\/"},{"@type":"ListItem","position":2,"name":"Minusta"}]},{"@type":"WebSite","@id":"https:\/\/kuulovahter.ee\/#website","url":"https:\/\/kuulovahter.ee\/","name":"Kunstnik Kuulo Vahter - Karikatuuride joonistamine, portree, zanri joonistused","description":"\u00f5liportree, karikaturist, portreejoonistus, \u0161ar\u017e, karikatuur kingituseks,  \u0161ar\u017ei joonistamine, karikatuuri joonistamine, \u0161ar\u017eide joonistamine, portreekunstnik, portreed \u00fcritustel, portreemaal, kiirportreed, \u00fcritustel joonistamine, portree joonistamine foto j\u00e4rgi, \u0161ar\u017ei joonistused, portreemaali tellimine, kunstniku maalitud portree, karikatuuri tellimine, joonistuse tellimine","potentialAction":[{"@type":"SearchAction","target":{"@type":"EntryPoint","urlTemplate":"https:\/\/kuulovahter.ee\/?s={search_term_string}"},"query-input":{"@type":"PropertyValueSpecification","valueRequired":true,"valueName":"search_term_string"}}],"inLanguage":"fi"}]}},"_links":{"self":[{"href":"https:\/\/kuulovahter.ee\/fi\/wp-json\/wp\/v2\/pages\/5328","targetHints":{"allow":["GET"]}}],"collection":[{"href":"https:\/\/kuulovahter.ee\/fi\/wp-json\/wp\/v2\/pages"}],"about":[{"href":"https:\/\/kuulovahter.ee\/fi\/wp-json\/wp\/v2\/types\/page"}],"author":[{"embeddable":true,"href":"https:\/\/kuulovahter.ee\/fi\/wp-json\/wp\/v2\/users\/2"}],"replies":[{"embeddable":true,"href":"https:\/\/kuulovahter.ee\/fi\/wp-json\/wp\/v2\/comments?post=5328"}],"version-history":[{"count":6,"href":"https:\/\/kuulovahter.ee\/fi\/wp-json\/wp\/v2\/pages\/5328\/revisions"}],"predecessor-version":[{"id":5675,"href":"https:\/\/kuulovahter.ee\/fi\/wp-json\/wp\/v2\/pages\/5328\/revisions\/5675"}],"wp:attachment":[{"href":"https:\/\/kuulovahter.ee\/fi\/wp-json\/wp\/v2\/media?parent=5328"}],"curies":[{"name":"wp","href":"https:\/\/api.w.org\/{rel}","templated":true}]}}