{"id":5229,"date":"2017-09-08T15:07:15","date_gmt":"2017-09-08T12:07:15","guid":{"rendered":"http:\/\/kuulovahter.veebispetsid.com\/minust\/"},"modified":"2017-11-21T16:02:23","modified_gmt":"2017-11-21T14:02:23","slug":"minust","status":"publish","type":"page","link":"https:\/\/kuulovahter.ee\/en\/minust\/","title":{"rendered":"About me"},"content":{"rendered":"<div class=\"fusion-fullwidth fullwidth-box fusion-builder-row-1 nonhundred-percent-fullwidth non-hundred-percent-height-scrolling\" style=\"--awb-border-radius-top-left:0px;--awb-border-radius-top-right:0px;--awb-border-radius-bottom-right:0px;--awb-border-radius-bottom-left:0px;--awb-flex-wrap:wrap;\" ><div class=\"fusion-builder-row fusion-row\"><div class=\"fusion-layout-column fusion_builder_column fusion-builder-column-0 fusion_builder_column_3_4 3_4 fusion-three-fourth fusion-column-first\" style=\"--awb-bg-color:rgba(240,237,231,0);--awb-bg-color-hover:rgba(240,237,231,0);--awb-bg-size:cover;width:75%;width:calc(75% - ( ( 4% ) * 0.75 ) );margin-right: 4%;\"><div class=\"fusion-column-wrapper fusion-flex-column-wrapper-legacy\"><div class=\"fusion-text fusion-text-1\"><p><strong>CURRICULUM VITAE<\/strong><\/p>\n<p><img decoding=\"async\" class=\"size-full wp-image-5197 alignleft\" src=\"http:\/\/kuulovahter.ee\/wp-content\/uploads\/2017\/09\/X-29028202.png\" alt=\"\" width=\"30\" height=\"30\" \/>I was born in Tallinn, the capital of Estonia, on 13 August 1954.<br \/>\nI graduated from the Estonian Academy of Arts in 1980, with graphic art as my major. I&#8217;m a member of\u00a0 the Estonian Artists&#8217; Association. I have worked, here in Estonia, as art director of both the prestigious publishing house of Perioodika and the very popular humour magazine Pikker. The general public knows me as a political cartoonist whose work has been published in Estonia\u2019s leading newspapers and magazines.<\/p>\n<p><img decoding=\"async\" class=\"size-full wp-image-5197 alignleft\" src=\"http:\/\/kuulovahter.ee\/wp-content\/uploads\/2017\/09\/X-29028202.png\" alt=\"\" width=\"30\" height=\"30\" \/>Since 1998 I\u2019ve worked as a freelance artist, concentrating mostly upon drawing and painting portraits as well as caricatures. Over the years, people have ordered about 45,000 portraits from me. I\u2019ve been actively drawing caricatures since 1967, when I was only 13 years old. Many of these have been printed in various publications, both in Estonia and abroad.<\/p>\n<p><img decoding=\"async\" class=\"size-full wp-image-5197 alignleft\" src=\"http:\/\/kuulovahter.ee\/wp-content\/uploads\/2017\/09\/X-29028202.png\" alt=\"\" width=\"30\" height=\"30\" \/>For 12 years I also sang professionally in the Estonian National Male Choir as a first tenor, so that some wits have nicknamed me the Warbling Caricaturist.<\/p>\n<p><img decoding=\"async\" class=\"size-full wp-image-5197 alignleft\" src=\"http:\/\/kuulovahter.ee\/wp-content\/uploads\/2017\/09\/X-29028202.png\" alt=\"\" width=\"30\" height=\"30\" \/>I&#8217;m the author of the monument &#8220;Murtud m\u00fc\u00fcr&#8221; (Broken wall), that was planned\u00a0in front of the Ministry of Foreign Affairs on the square of Iceland (together with glass artist Ivo Lill and architect Ain R\u00f6\u00f6pson).<\/p>\n<\/div><div class=\"fusion-clearfix\"><\/div><\/div><\/div><div class=\"fusion-layout-column fusion_builder_column fusion-builder-column-1 fusion_builder_column_1_4 1_4 fusion-one-fourth fusion-column-last ymar\" style=\"--awb-bg-size:cover;width:25%;width:calc(25% - ( ( 4% ) * 0.25 ) );\"><div class=\"fusion-column-wrapper fusion-flex-column-wrapper-legacy\"><div class=\"fusion-image-element in-legacy-container\" style=\"--awb-caption-title-font-family:var(--h2_typography-font-family);--awb-caption-title-font-weight:var(--h2_typography-font-weight);--awb-caption-title-font-style:var(--h2_typography-font-style);--awb-caption-title-size:var(--h2_typography-font-size);--awb-caption-title-transform:var(--h2_typography-text-transform);--awb-caption-title-line-height:var(--h2_typography-line-height);--awb-caption-title-letter-spacing:var(--h2_typography-letter-spacing);\"><span class=\" fusion-imageframe imageframe-none imageframe-1 hover-type-none\"><img decoding=\"async\" width=\"300\" height=\"407\" title=\"Kuulo Vahter-2\" src=\"http:\/\/kuulovahter.ee\/wp-content\/uploads\/2017\/09\/Kuulo-Vahter-2.jpg\" alt class=\"img-responsive wp-image-3062\" srcset=\"https:\/\/kuulovahter.ee\/wp-content\/uploads\/2017\/09\/Kuulo-Vahter-2-200x271.jpg 200w, https:\/\/kuulovahter.ee\/wp-content\/uploads\/2017\/09\/Kuulo-Vahter-2.jpg 300w\" sizes=\"(max-width: 1000px) 100vw, 300px\" \/><\/span><\/div><div class=\"fusion-clearfix\"><\/div><\/div><\/div><\/div><\/div>\n","protected":false},"excerpt":{"rendered":"","protected":false},"author":2,"featured_media":0,"parent":0,"menu_order":0,"comment_status":"closed","ping_status":"closed","template":"100-width.php","meta":{"footnotes":""},"class_list":["post-5229","page","type-page","status-publish","hentry"],"yoast_head":"<!-- This site is optimized with the Yoast SEO plugin v26.9 - https:\/\/yoast.com\/product\/yoast-seo-wordpress\/ -->\n<title>About me - Kunstnik Kuulo Vahter - Karikatuuride joonistamine, portree, zanri joonistused<\/title>\n<meta name=\"robots\" content=\"index, follow, max-snippet:-1, max-image-preview:large, max-video-preview:-1\" \/>\n<link rel=\"canonical\" href=\"https:\/\/kuulovahter.ee\/en\/minust\/\" \/>\n<meta property=\"og:locale\" content=\"en_US\" \/>\n<meta property=\"og:type\" content=\"article\" \/>\n<meta property=\"og:title\" content=\"About me - Kunstnik Kuulo Vahter - Karikatuuride joonistamine, portree, zanri joonistused\" \/>\n<meta property=\"og:url\" content=\"https:\/\/kuulovahter.ee\/en\/minust\/\" \/>\n<meta property=\"og:site_name\" content=\"Kunstnik Kuulo Vahter - Karikatuuride joonistamine, portree, zanri joonistused\" \/>\n<meta property=\"article:modified_time\" content=\"2017-11-21T14:02:23+00:00\" \/>\n<meta property=\"og:image\" content=\"http:\/\/kuulovahter.ee\/wp-content\/uploads\/2017\/09\/X-29028202.png\" \/>\n<meta name=\"twitter:card\" content=\"summary_large_image\" \/>\n<meta name=\"twitter:label1\" content=\"Est. reading time\" \/>\n\t<meta name=\"twitter:data1\" content=\"2 minutes\" \/>\n<script type=\"application\/ld+json\" class=\"yoast-schema-graph\">{\"@context\":\"https:\/\/schema.org\",\"@graph\":[{\"@type\":\"WebPage\",\"@id\":\"https:\/\/kuulovahter.ee\/en\/minust\/\",\"url\":\"https:\/\/kuulovahter.ee\/en\/minust\/\",\"name\":\"About me - Kunstnik Kuulo Vahter - Karikatuuride joonistamine, portree, zanri joonistused\",\"isPartOf\":{\"@id\":\"https:\/\/kuulovahter.ee\/#website\"},\"primaryImageOfPage\":{\"@id\":\"https:\/\/kuulovahter.ee\/en\/minust\/#primaryimage\"},\"image\":{\"@id\":\"https:\/\/kuulovahter.ee\/en\/minust\/#primaryimage\"},\"thumbnailUrl\":\"http:\/\/kuulovahter.ee\/wp-content\/uploads\/2017\/09\/X-29028202.png\",\"datePublished\":\"2017-09-08T12:07:15+00:00\",\"dateModified\":\"2017-11-21T14:02:23+00:00\",\"breadcrumb\":{\"@id\":\"https:\/\/kuulovahter.ee\/en\/minust\/#breadcrumb\"},\"inLanguage\":\"en-US\",\"potentialAction\":[{\"@type\":\"ReadAction\",\"target\":[\"https:\/\/kuulovahter.ee\/en\/minust\/\"]}]},{\"@type\":\"ImageObject\",\"inLanguage\":\"en-US\",\"@id\":\"https:\/\/kuulovahter.ee\/en\/minust\/#primaryimage\",\"url\":\"http:\/\/kuulovahter.ee\/wp-content\/uploads\/2017\/09\/X-29028202.png\",\"contentUrl\":\"http:\/\/kuulovahter.ee\/wp-content\/uploads\/2017\/09\/X-29028202.png\"},{\"@type\":\"BreadcrumbList\",\"@id\":\"https:\/\/kuulovahter.ee\/en\/minust\/#breadcrumb\",\"itemListElement\":[{\"@type\":\"ListItem\",\"position\":1,\"name\":\"Home\",\"item\":\"https:\/\/kuulovahter.ee\/en\/\"},{\"@type\":\"ListItem\",\"position\":2,\"name\":\"About me\"}]},{\"@type\":\"WebSite\",\"@id\":\"https:\/\/kuulovahter.ee\/#website\",\"url\":\"https:\/\/kuulovahter.ee\/\",\"name\":\"Kunstnik Kuulo Vahter - Karikatuuride joonistamine, portree, zanri joonistused\",\"description\":\"\u00f5liportree, karikaturist, portreejoonistus, \u0161ar\u017e, karikatuur kingituseks,  \u0161ar\u017ei joonistamine, karikatuuri joonistamine, \u0161ar\u017eide joonistamine, portreekunstnik, portreed \u00fcritustel, portreemaal, kiirportreed, \u00fcritustel joonistamine, portree joonistamine foto j\u00e4rgi, \u0161ar\u017ei joonistused, portreemaali tellimine, kunstniku maalitud portree, karikatuuri tellimine, joonistuse tellimine\",\"potentialAction\":[{\"@type\":\"SearchAction\",\"target\":{\"@type\":\"EntryPoint\",\"urlTemplate\":\"https:\/\/kuulovahter.ee\/?s={search_term_string}\"},\"query-input\":{\"@type\":\"PropertyValueSpecification\",\"valueRequired\":true,\"valueName\":\"search_term_string\"}}],\"inLanguage\":\"en-US\"}]}<\/script>\n<!-- \/ Yoast SEO plugin. -->","yoast_head_json":{"title":"About me - Kunstnik Kuulo Vahter - Karikatuuride joonistamine, portree, zanri joonistused","robots":{"index":"index","follow":"follow","max-snippet":"max-snippet:-1","max-image-preview":"max-image-preview:large","max-video-preview":"max-video-preview:-1"},"canonical":"https:\/\/kuulovahter.ee\/en\/minust\/","og_locale":"en_US","og_type":"article","og_title":"About me - Kunstnik Kuulo Vahter - Karikatuuride joonistamine, portree, zanri joonistused","og_url":"https:\/\/kuulovahter.ee\/en\/minust\/","og_site_name":"Kunstnik Kuulo Vahter - Karikatuuride joonistamine, portree, zanri joonistused","article_modified_time":"2017-11-21T14:02:23+00:00","og_image":[{"url":"http:\/\/kuulovahter.ee\/wp-content\/uploads\/2017\/09\/X-29028202.png","type":"","width":"","height":""}],"twitter_card":"summary_large_image","twitter_misc":{"Est. reading time":"2 minutes"},"schema":{"@context":"https:\/\/schema.org","@graph":[{"@type":"WebPage","@id":"https:\/\/kuulovahter.ee\/en\/minust\/","url":"https:\/\/kuulovahter.ee\/en\/minust\/","name":"About me - Kunstnik Kuulo Vahter - Karikatuuride joonistamine, portree, zanri joonistused","isPartOf":{"@id":"https:\/\/kuulovahter.ee\/#website"},"primaryImageOfPage":{"@id":"https:\/\/kuulovahter.ee\/en\/minust\/#primaryimage"},"image":{"@id":"https:\/\/kuulovahter.ee\/en\/minust\/#primaryimage"},"thumbnailUrl":"http:\/\/kuulovahter.ee\/wp-content\/uploads\/2017\/09\/X-29028202.png","datePublished":"2017-09-08T12:07:15+00:00","dateModified":"2017-11-21T14:02:23+00:00","breadcrumb":{"@id":"https:\/\/kuulovahter.ee\/en\/minust\/#breadcrumb"},"inLanguage":"en-US","potentialAction":[{"@type":"ReadAction","target":["https:\/\/kuulovahter.ee\/en\/minust\/"]}]},{"@type":"ImageObject","inLanguage":"en-US","@id":"https:\/\/kuulovahter.ee\/en\/minust\/#primaryimage","url":"http:\/\/kuulovahter.ee\/wp-content\/uploads\/2017\/09\/X-29028202.png","contentUrl":"http:\/\/kuulovahter.ee\/wp-content\/uploads\/2017\/09\/X-29028202.png"},{"@type":"BreadcrumbList","@id":"https:\/\/kuulovahter.ee\/en\/minust\/#breadcrumb","itemListElement":[{"@type":"ListItem","position":1,"name":"Home","item":"https:\/\/kuulovahter.ee\/en\/"},{"@type":"ListItem","position":2,"name":"About me"}]},{"@type":"WebSite","@id":"https:\/\/kuulovahter.ee\/#website","url":"https:\/\/kuulovahter.ee\/","name":"Kunstnik Kuulo Vahter - Karikatuuride joonistamine, portree, zanri joonistused","description":"\u00f5liportree, karikaturist, portreejoonistus, \u0161ar\u017e, karikatuur kingituseks,  \u0161ar\u017ei joonistamine, karikatuuri joonistamine, \u0161ar\u017eide joonistamine, portreekunstnik, portreed \u00fcritustel, portreemaal, kiirportreed, \u00fcritustel joonistamine, portree joonistamine foto j\u00e4rgi, \u0161ar\u017ei joonistused, portreemaali tellimine, kunstniku maalitud portree, karikatuuri tellimine, joonistuse tellimine","potentialAction":[{"@type":"SearchAction","target":{"@type":"EntryPoint","urlTemplate":"https:\/\/kuulovahter.ee\/?s={search_term_string}"},"query-input":{"@type":"PropertyValueSpecification","valueRequired":true,"valueName":"search_term_string"}}],"inLanguage":"en-US"}]}},"_links":{"self":[{"href":"https:\/\/kuulovahter.ee\/en\/wp-json\/wp\/v2\/pages\/5229","targetHints":{"allow":["GET"]}}],"collection":[{"href":"https:\/\/kuulovahter.ee\/en\/wp-json\/wp\/v2\/pages"}],"about":[{"href":"https:\/\/kuulovahter.ee\/en\/wp-json\/wp\/v2\/types\/page"}],"author":[{"embeddable":true,"href":"https:\/\/kuulovahter.ee\/en\/wp-json\/wp\/v2\/users\/2"}],"replies":[{"embeddable":true,"href":"https:\/\/kuulovahter.ee\/en\/wp-json\/wp\/v2\/comments?post=5229"}],"version-history":[{"count":7,"href":"https:\/\/kuulovahter.ee\/en\/wp-json\/wp\/v2\/pages\/5229\/revisions"}],"predecessor-version":[{"id":5738,"href":"https:\/\/kuulovahter.ee\/en\/wp-json\/wp\/v2\/pages\/5229\/revisions\/5738"}],"wp:attachment":[{"href":"https:\/\/kuulovahter.ee\/en\/wp-json\/wp\/v2\/media?parent=5229"}],"curies":[{"name":"wp","href":"https:\/\/api.w.org\/{rel}","templated":true}]}}